{"id":1718,"date":"2025-04-16T11:02:15","date_gmt":"2025-04-16T11:02:15","guid":{"rendered":"https:\/\/ambienteba\u00f1o.com\/?post_type=product&#038;p=1718"},"modified":"2025-04-16T17:36:59","modified_gmt":"2025-04-16T17:36:59","slug":"copete","status":"publish","type":"product","link":"https:\/\/ambienteba\u00f1o.com\/?product=copete","title":{"rendered":"Copete"},"content":{"rendered":"<p>El copete de hasta 20 cm de altura es el complemento perfecto para proteger la pared trasera del lavabo o encimera frente a salpicaduras de agua y humedad. Con un dise\u00f1o limpio y minimalista, este elemento mejora tanto la funcionalidad como la est\u00e9tica del conjunto, creando una transici\u00f3n visual suave entre la encimera y la pared.<\/p>\n<p>Fabricado en el mismo material que la superficie de la encimera, el copete garantiza continuidad en el dise\u00f1o, resistencia al uso diario y f\u00e1cil mantenimiento. Est\u00e1 disponible en distintas alturas, siendo el modelo de hasta 20 cm ideal para proyectos que requieran una protecci\u00f3n adicional sin perder estilo.<\/p>\n<p style=\"font-size: 32px;\">Cuidados<\/p>\n<p>El copete no requiere cuidados especiales m\u00e1s all\u00e1 de una limpieza peri\u00f3dica con un pa\u00f1o suave y productos neutros. Al estar fabricado en materiales no porosos, resiste la humedad, evita la proliferaci\u00f3n de bacterias y facilita la higiene diaria del ba\u00f1o. Se recomienda no usar productos abrasivos para preservar su acabado original.<\/p>\n<p style=\"font-size: 32px;\">Usos<\/p>\n<p>Este copete est\u00e1 dise\u00f1ado para su instalaci\u00f3n tras encimeras o lavabos en ba\u00f1os dom\u00e9sticos, comerciales u hoteles. Es ideal para proteger la pared de manchas, salpicaduras o acumulaciones de cal en zonas de uso frecuente. Aporta un acabado profesional y elegante a cualquier proyecto, especialmente en espacios donde se valora la limpieza visual y la durabilidad.<\/p>\n","protected":false},"excerpt":{"rendered":"<p>Copete de hasta 20 cm, elegante y funcional, ideal para proteger la pared tras el lavabo y mantener una est\u00e9tica limpia y uniforme.<br \/>\n<br \/>\n(hasta 10cm. de altura <strong>0,60\u20ac\/cm.<\/strong>)<br \/>\n<br \/>\n(hasta 20cm. de altura <strong>0,65\u20ac\/cm.<\/strong>)<\/p>\n","protected":false},"featured_media":1719,"comment_status":"open","ping_status":"closed","template":"","meta":[],"product_brand":[],"product_cat":[31],"product_tag":[],"class_list":{"0":"post-1718","1":"product","2":"type-product","3":"status-publish","4":"has-post-thumbnail","6":"product_cat-accesorios","8":"first","9":"instock","10":"shipping-taxable","11":"purchasable","12":"product-type-variable","13":"has-default-attributes"},"aioseo_notices":[],"_links":{"self":[{"href":"https:\/\/ambienteba\u00f1o.com\/index.php?rest_route=\/wp\/v2\/product\/1718","targetHints":{"allow":["GET"]}}],"collection":[{"href":"https:\/\/ambienteba\u00f1o.com\/index.php?rest_route=\/wp\/v2\/product"}],"about":[{"href":"https:\/\/ambienteba\u00f1o.com\/index.php?rest_route=\/wp\/v2\/types\/product"}],"replies":[{"embeddable":true,"href":"https:\/\/ambienteba\u00f1o.com\/index.php?rest_route=%2Fwp%2Fv2%2Fcomments&post=1718"}],"wp:featuredmedia":[{"embeddable":true,"href":"https:\/\/ambienteba\u00f1o.com\/index.php?rest_route=\/wp\/v2\/media\/1719"}],"wp:attachment":[{"href":"https:\/\/ambienteba\u00f1o.com\/index.php?rest_route=%2Fwp%2Fv2%2Fmedia&parent=1718"}],"wp:term":[{"taxonomy":"product_brand","embeddable":true,"href":"https:\/\/ambienteba\u00f1o.com\/index.php?rest_route=%2Fwp%2Fv2%2Fproduct_brand&post=1718"},{"taxonomy":"product_cat","embeddable":true,"href":"https:\/\/ambienteba\u00f1o.com\/index.php?rest_route=%2Fwp%2Fv2%2Fproduct_cat&post=1718"},{"taxonomy":"product_tag","embeddable":true,"href":"https:\/\/ambienteba\u00f1o.com\/index.php?rest_route=%2Fwp%2Fv2%2Fproduct_tag&post=1718"}],"curies":[{"name":"wp","href":"https:\/\/api.w.org\/{rel}","templated":true}]}}