{"id":1849,"date":"2025-04-16T15:54:40","date_gmt":"2025-04-16T15:54:40","guid":{"rendered":"https:\/\/ambienteba\u00f1o.com\/?post_type=product&#038;p=1849"},"modified":"2025-04-16T17:32:25","modified_gmt":"2025-04-16T17:32:25","slug":"italo","status":"publish","type":"product","link":"https:\/\/ambienteba\u00f1o.com\/?product=italo","title":{"rendered":"Italo"},"content":{"rendered":"<p>La encimera Solid Surface Italo destaca por su dise\u00f1o elegante, l\u00edneas suaves y superficie continua que se integra a la perfecci\u00f3n en cualquier espacio de ba\u00f1o. Con una est\u00e9tica minimalista y moderna, combina funcionalidad y estilo en una sola pieza, aportando limpieza visual y m\u00e1xima comodidad de uso.<\/p>\n<p>Fabricada en Solid Surface, un material de alta calidad y gran resistencia, esta encimera es duradera, higi\u00e9nica y muy f\u00e1cil de mantener. El modelo Italo incorpora una cubeta amplia y redondeada, perfectamente fusionada en la encimera para facilitar la limpieza y evitar juntas o uniones visibles.<\/p>\n<p style=\"font-size: 32px;\">Tama\u00f1o<\/p>\n<p>SENO CENTRADO Y DESPLAZADO<\/p>\n<style>\n    table {<br \/>\n        width: 100%;<br \/>\n        border-collapse: collapse;<br \/>\n        table-layout: fixed; \/* Cambiado a 'fixed' para respetar anchos *\/<br \/>\n    }<\/p>\n<p>    td {<br \/>\n        text-align: center;<br \/>\n        border: 1px solid #ccc;<br \/>\n        padding: 10px;<br \/>\n        font-size: 18px; \/* Tama\u00f1o de letra por defecto *\/<br \/>\n        color: #000; \/* Texto negro *\/<br \/>\n        word-wrap: break-word; \/* Asegura que el contenido se ajuste si es necesario *\/<br \/>\n    }<\/p>\n<p>    \/* Scroll lateral en pantallas m\u00e1s peque\u00f1as *\/<br \/>\n    .scrollable-table {<br \/>\n        overflow-x: auto; \/* Permitir scroll lateral *\/<br \/>\n    }<\/p>\n<p>    \/* Ajustes para pantallas de 1201px o menos (dispositivos m\u00f3viles y tabletas) *\/<br \/>\n    @media only screen and (max-width: 1201px) {<br \/>\n        td {<br \/>\n            font-size: 12px !important; \/* Tama\u00f1o de letra reducido en m\u00f3viles y tabletas *\/<br \/>\n        }<\/p>\n<p>        \/* Aumentar el ancho de la primera columna (\"MEDIDAS\", \"SIN FALD\u00d3N\", \"CON FALD\u00d3N\") *\/<br \/>\n        td:first-child {<br \/>\n            min-width: 125px !important; \/* Asegura un ancho m\u00ednimo *\/<br \/>\n            max-width: 500px !important; \/* Asegura un ancho m\u00e1ximo que puedes ajustar *\/<br \/>\n        }<br \/>\n    }<br \/>\n<\/style>\n<div class=\"scrollable-table\">\n<table>\n<tbody>\n<tr>\n<td>MEDIDAS<\/td>\n<td>60<\/td>\n<td>70<\/td>\n<td>80<\/td>\n<td>90<\/td>\n<td>100<\/td>\n<td>110<\/td>\n<td>120<\/td>\n<td>130<\/td>\n<td>140<\/td>\n<td>150<\/td>\n<td>160<\/td>\n<td>170<\/td>\n<td>180<\/td>\n<td>190<\/td>\n<td>200<\/td>\n<\/tr>\n<tr>\n<td>SIN FALD\u00d3N<\/td>\n<td>\u2022<\/td>\n<td>\u2022<\/td>\n<td>\u2022<\/td>\n<td>\u2022<\/td>\n<td>\u2022<\/td>\n<td>\u2022<\/td>\n<td>\u2022<\/td>\n<td>\u2022<\/td>\n<td>\u2022<\/td>\n<td>\u2022<\/td>\n<td>\u2022<\/td>\n<td>\u2022<\/td>\n<td>\u2022<\/td>\n<td>\u2022<\/td>\n<td>\u2022<\/td>\n<\/tr>\n<tr>\n<td>CON FALD\u00d3N<\/td>\n<td>\u2022<\/td>\n<td>\u2022<\/td>\n<td>\u2022<\/td>\n<td>\u2022<\/td>\n<td>\u2022<\/td>\n<td>\u2022<\/td>\n<td>\u2022<\/td>\n<td>\u2022<\/td>\n<td>\u2022<\/td>\n<td>\u2022<\/td>\n<td>\u2022<\/td>\n<td>\u2022<\/td>\n<td>\u2022<\/td>\n<td>\u2022<\/td>\n<td>\u2022<\/td>\n<\/tr>\n<\/tbody>\n<\/table>\n<\/div>\n<p><\/p>\n<p>DOBLE SENO<\/p>\n<style>\n    table {<br \/>\n        width: 100%;<br \/>\n        border-collapse: collapse;<br \/>\n        table-layout: auto; \/* Ajuste din\u00e1mico del ancho *\/<br \/>\n    }<\/p>\n<p>    td {<br \/>\n        text-align: center;<br \/>\n        border: 1px solid #ccc;<br \/>\n        padding: 10px;<br \/>\n        font-size: 18px; \/* Tama\u00f1o de letra por defecto *\/<br \/>\n        color: #000; \/* Texto negro *\/<br \/>\n    }<\/p>\n<p>    \/* Scroll lateral en pantallas m\u00e1s peque\u00f1as *\/<br \/>\n    .scrollable-table {<br \/>\n        overflow-x: auto; \/* Permitir scroll lateral *\/<br \/>\n    }<\/p>\n<p>    \/* Ajustes para pantallas de 768px o menos (dispositivos m\u00f3viles y tabletas) *\/<br \/>\n    @media only screen and (max-width: 1201px) {<br \/>\n        td {<br \/>\n            font-size: 12px !important; \/* Tama\u00f1o de letra reducido en m\u00f3viles y tabletas *\/<br \/>\n        }<br \/>\n    }<br \/>\n<\/style>\n<div class=\"scrollable-table\">\n<table>\n<tbody>\n<tr>\n<td>MEDIDAS<\/td>\n<td>120<\/td>\n<td>130<\/td>\n<td>140<\/td>\n<td>150<\/td>\n<td>160<\/td>\n<td>170<\/td>\n<td>180<\/td>\n<td>190<\/td>\n<td>200<\/td>\n<\/tr>\n<tr>\n<td>SIN FALD\u00d3N<\/td>\n<td>\u2022<\/td>\n<td>\u2022<\/td>\n<td>\u2022<\/td>\n<td>\u2022<\/td>\n<td>\u2022<\/td>\n<td>\u2022<\/td>\n<td>\u2022<\/td>\n<td>\u2022<\/td>\n<td>\u2022<\/td>\n<\/tr>\n<tr>\n<td>CON FALD\u00d3N<\/td>\n<td>\u2022<\/td>\n<td>\u2022<\/td>\n<td>\u2022<\/td>\n<td>\u2022<\/td>\n<td>\u2022<\/td>\n<td>\u2022<\/td>\n<td>\u2022<\/td>\n<td>\u2022<\/td>\n<td>\u2022<\/td>\n<\/tr>\n<\/tbody>\n<\/table>\n<\/div>\n<p><\/p>\n<p style=\"font-size: 32px;\">Cuidados<\/p>\n<p>La encimera Solid Surface Italo requiere un mantenimiento muy sencillo. Basta con limpiarla regularmente con un pa\u00f1o h\u00famedo y jab\u00f3n neutro. En caso de manchas m\u00e1s persistentes, puede utilizarse una esponja no abrasiva. Al tratarse de un material no poroso, resiste la humedad, evita la acumulaci\u00f3n de bacterias y mantiene su aspecto original con el paso del tiempo. Evita el uso de productos qu\u00edmicos agresivos o estropajos met\u00e1licos que puedan da\u00f1ar la superficie.<\/p>\n<p style=\"font-size: 32px;\">Usos<\/p>\n<p>Perfecta para ba\u00f1os residenciales o contract, la encimera Italo se adapta a proyectos de interiorismo que buscan soluciones de alta gama con est\u00e9tica contempor\u00e1nea. Es ideal para lavabos suspendidos o combinados con mobiliario de ba\u00f1o a medida. Gracias a su dise\u00f1o ergon\u00f3mico y su acabado impecable, ofrece una experiencia de uso c\u00f3moda y sofisticada en todo tipo de entornos.<\/p>\n","protected":false},"excerpt":{"rendered":"<p>Encimera Solid Surface Italo, elegante y funcional, con cubeta integrada y superficie continua para un ba\u00f1o moderno y f\u00e1cil de mantener.<\/p>\n","protected":false},"featured_media":1850,"comment_status":"open","ping_status":"closed","template":"","meta":[],"product_brand":[],"product_cat":[41],"product_tag":[],"class_list":{"0":"post-1849","1":"product","2":"type-product","3":"status-publish","4":"has-post-thumbnail","6":"product_cat-encimeras","8":"first","9":"instock","10":"shipping-taxable","11":"purchasable","12":"product-type-variable","13":"has-default-attributes"},"aioseo_notices":[],"_links":{"self":[{"href":"https:\/\/ambienteba\u00f1o.com\/index.php?rest_route=\/wp\/v2\/product\/1849","targetHints":{"allow":["GET"]}}],"collection":[{"href":"https:\/\/ambienteba\u00f1o.com\/index.php?rest_route=\/wp\/v2\/product"}],"about":[{"href":"https:\/\/ambienteba\u00f1o.com\/index.php?rest_route=\/wp\/v2\/types\/product"}],"replies":[{"embeddable":true,"href":"https:\/\/ambienteba\u00f1o.com\/index.php?rest_route=%2Fwp%2Fv2%2Fcomments&post=1849"}],"wp:featuredmedia":[{"embeddable":true,"href":"https:\/\/ambienteba\u00f1o.com\/index.php?rest_route=\/wp\/v2\/media\/1850"}],"wp:attachment":[{"href":"https:\/\/ambienteba\u00f1o.com\/index.php?rest_route=%2Fwp%2Fv2%2Fmedia&parent=1849"}],"wp:term":[{"taxonomy":"product_brand","embeddable":true,"href":"https:\/\/ambienteba\u00f1o.com\/index.php?rest_route=%2Fwp%2Fv2%2Fproduct_brand&post=1849"},{"taxonomy":"product_cat","embeddable":true,"href":"https:\/\/ambienteba\u00f1o.com\/index.php?rest_route=%2Fwp%2Fv2%2Fproduct_cat&post=1849"},{"taxonomy":"product_tag","embeddable":true,"href":"https:\/\/ambienteba\u00f1o.com\/index.php?rest_route=%2Fwp%2Fv2%2Fproduct_tag&post=1849"}],"curies":[{"name":"wp","href":"https:\/\/api.w.org\/{rel}","templated":true}]}}