{"id":1993,"date":"2025-04-16T18:00:28","date_gmt":"2025-04-16T18:00:28","guid":{"rendered":"https:\/\/ambienteba\u00f1o.com\/?post_type=product&#038;p=1993"},"modified":"2025-04-16T18:05:07","modified_gmt":"2025-04-16T18:05:07","slug":"gama","status":"publish","type":"product","link":"https:\/\/ambienteba\u00f1o.com\/?product=gama","title":{"rendered":"Gama"},"content":{"rendered":"<p>La encimera Solid Surface Gama se caracteriza por su dise\u00f1o funcional con cubeta integrada y l\u00edneas suaves que aportan armon\u00eda al conjunto del ba\u00f1o. Destaca por su sencillez elegante y por ofrecer soluciones pr\u00e1cticas como el toallero frontal integrado, ideal para optimizar el espacio sin perder est\u00e9tica.<\/p>\n<p>Fabricada en Solid Surface, un material resistente, antibacteriano y de f\u00e1cil mantenimiento, la encimera Gama est\u00e1 pensada para responder a las exigencias del d\u00eda a d\u00eda. Su superficie continua y sin juntas visibles permite una limpieza c\u00f3moda y un acabado impecable que se mantiene intacto con el tiempo.<\/p>\n<p style=\"font-size: 32px;\">Tama\u00f1o<\/p>\n<p>SENO CENTRADO Y DESPLAZADO<\/p>\n<style>\n    table {\n        width: 100%;\n        border-collapse: collapse;\n        table-layout: fixed;\n    }<\/p>\n<p>    td {\n        text-align: center;\n        border: 1px solid #ccc;\n        padding: 10px;\n        font-size: 18px;\n        color: #000;\n        word-wrap: break-word;\n    }<\/p>\n<p>    .scrollable-table {\n        overflow-x: auto;\n    }<\/p>\n<p>    @media only screen and (max-width: 1201px) {\n        td {\n            font-size: 12px !important;\n        }<\/p>\n<p>        td:first-child {\n            min-width: 125px !important;\n            max-width: 500px !important;\n        }\n    }\n<\/style>\n<div class=\"scrollable-table\">\n<table>\n<tbody>\n<tr>\n<td>MEDIDAS<\/td>\n<td>60<\/td>\n<td>70<\/td>\n<td>80<\/td>\n<td>90<\/td>\n<td>100<\/td>\n<td>110<\/td>\n<td>120<\/td>\n<td>130<\/td>\n<td>140<\/td>\n<td>150<\/td>\n<td>160<\/td>\n<td>170<\/td>\n<td>180<\/td>\n<td>190<\/td>\n<td>200<\/td>\n<\/tr>\n<tr>\n<td>SIN FALD\u00d3N<\/td>\n<td>\u2022<\/td>\n<td>\u2022<\/td>\n<td>\u2022<\/td>\n<td>\u2022<\/td>\n<td>\u2022<\/td>\n<td>\u2022<\/td>\n<td>\u2022<\/td>\n<td>\u2022<\/td>\n<td>\u2022<\/td>\n<td>\u2022<\/td>\n<td>\u2022<\/td>\n<td>\u2022<\/td>\n<td>\u2022<\/td>\n<td>\u2022<\/td>\n<td>\u2022<\/td>\n<\/tr>\n<tr>\n<td>CON FALD\u00d3N<\/td>\n<td>\u2022<\/td>\n<td>\u2022<\/td>\n<td>\u2022<\/td>\n<td>\u2022<\/td>\n<td>\u2022<\/td>\n<td>\u2022<\/td>\n<td>\u2022<\/td>\n<td>\u2022<\/td>\n<td>\u2022<\/td>\n<td>\u2022<\/td>\n<td>\u2022<\/td>\n<td>\u2022<\/td>\n<td>\u2022<\/td>\n<td>\u2022<\/td>\n<td>\u2022<\/td>\n<\/tr>\n<\/tbody>\n<\/table>\n<\/div>\n<p><\/p>\n<p>DOBLE SENO<\/p>\n<style>\n    table {\n        width: 100%;\n        border-collapse: collapse;\n        table-layout: auto;\n    }<\/p>\n<p>    td {\n        text-align: center;\n        border: 1px solid #ccc;\n        padding: 10px;\n        font-size: 18px;\n        color: #000;\n    }<\/p>\n<p>    .scrollable-table {\n        overflow-x: auto;\n    }<\/p>\n<p>    @media only screen and (max-width: 1201px) {\n        td {\n            font-size: 12px !important;\n        }\n    }\n<\/style>\n<div class=\"scrollable-table\">\n<table>\n<tbody>\n<tr>\n<td>MEDIDAS<\/td>\n<td>120<\/td>\n<td>130<\/td>\n<td>140<\/td>\n<td>150<\/td>\n<td>160<\/td>\n<td>170<\/td>\n<td>180<\/td>\n<td>190<\/td>\n<td>200<\/td>\n<\/tr>\n<tr>\n<td>SIN FALD\u00d3N<\/td>\n<td>\u2022<\/td>\n<td>\u2022<\/td>\n<td>\u2022<\/td>\n<td>\u2022<\/td>\n<td>\u2022<\/td>\n<td>\u2022<\/td>\n<td>\u2022<\/td>\n<td>\u2022<\/td>\n<td>\u2022<\/td>\n<\/tr>\n<tr>\n<td>CON FALD\u00d3N<\/td>\n<td>\u2022<\/td>\n<td>\u2022<\/td>\n<td>\u2022<\/td>\n<td>\u2022<\/td>\n<td>\u2022<\/td>\n<td>\u2022<\/td>\n<td>\u2022<\/td>\n<td>\u2022<\/td>\n<td>\u2022<\/td>\n<\/tr>\n<\/tbody>\n<\/table>\n<\/div>\n<p><\/p>\n<p style=\"font-size: 32px;\">Cuidados<\/p>\n<p>La encimera Solid Surface Gama requiere un mantenimiento muy sencillo. Basta con limpiarla regularmente con un pa\u00f1o h\u00famedo y jab\u00f3n neutro. En caso de manchas m\u00e1s persistentes, puede utilizarse una esponja no abrasiva. Al tratarse de un material no poroso, resiste la humedad, evita la acumulaci\u00f3n de bacterias y mantiene su aspecto original con el paso del tiempo. Evita el uso de productos qu\u00edmicos agresivos o estropajos met\u00e1licos que puedan da\u00f1ar la superficie.<\/p>\n<p style=\"font-size: 32px;\">Usos<\/p>\n<p>Perfecta para ba\u00f1os residenciales o contract, la encimera Gama se adapta a proyectos de interiorismo que buscan soluciones pr\u00e1cticas y est\u00e9ticamente equilibradas. Es ideal para lavabos suspendidos y muebles con toallero integrado, combinando comodidad diaria con un dise\u00f1o elegante y funcional.<\/p>\n","protected":false},"excerpt":{"rendered":"<p>Encimera Solid Surface Gama con cubeta integrada y toallero lateral, ideal para ba\u00f1os funcionales con un dise\u00f1o moderno y limpio.<\/p>\n","protected":false},"featured_media":2042,"comment_status":"open","ping_status":"closed","template":"","meta":[],"product_brand":[],"product_cat":[41],"product_tag":[],"class_list":{"0":"post-1993","1":"product","2":"type-product","3":"status-publish","4":"has-post-thumbnail","6":"product_cat-encimeras","8":"first","9":"instock","10":"shipping-taxable","11":"purchasable","12":"product-type-variable","13":"has-default-attributes"},"aioseo_notices":[],"_links":{"self":[{"href":"https:\/\/ambienteba\u00f1o.com\/index.php?rest_route=\/wp\/v2\/product\/1993","targetHints":{"allow":["GET"]}}],"collection":[{"href":"https:\/\/ambienteba\u00f1o.com\/index.php?rest_route=\/wp\/v2\/product"}],"about":[{"href":"https:\/\/ambienteba\u00f1o.com\/index.php?rest_route=\/wp\/v2\/types\/product"}],"replies":[{"embeddable":true,"href":"https:\/\/ambienteba\u00f1o.com\/index.php?rest_route=%2Fwp%2Fv2%2Fcomments&post=1993"}],"wp:featuredmedia":[{"embeddable":true,"href":"https:\/\/ambienteba\u00f1o.com\/index.php?rest_route=\/wp\/v2\/media\/2042"}],"wp:attachment":[{"href":"https:\/\/ambienteba\u00f1o.com\/index.php?rest_route=%2Fwp%2Fv2%2Fmedia&parent=1993"}],"wp:term":[{"taxonomy":"product_brand","embeddable":true,"href":"https:\/\/ambienteba\u00f1o.com\/index.php?rest_route=%2Fwp%2Fv2%2Fproduct_brand&post=1993"},{"taxonomy":"product_cat","embeddable":true,"href":"https:\/\/ambienteba\u00f1o.com\/index.php?rest_route=%2Fwp%2Fv2%2Fproduct_cat&post=1993"},{"taxonomy":"product_tag","embeddable":true,"href":"https:\/\/ambienteba\u00f1o.com\/index.php?rest_route=%2Fwp%2Fv2%2Fproduct_tag&post=1993"}],"curies":[{"name":"wp","href":"https:\/\/api.w.org\/{rel}","templated":true}]}}