{"id":2143,"date":"2025-04-16T18:07:55","date_gmt":"2025-04-16T18:07:55","guid":{"rendered":"https:\/\/ambienteba\u00f1o.com\/?post_type=product&#038;p=2143"},"modified":"2025-04-16T18:08:45","modified_gmt":"2025-04-16T18:08:45","slug":"pisa","status":"publish","type":"product","link":"https:\/\/ambienteba\u00f1o.com\/?product=pisa","title":{"rendered":"Pisa"},"content":{"rendered":"<p>La encimera Solid Surface Pisa aporta un estilo distintivo y original gracias a su cubeta redonda perfectamente integrada en una superficie de l\u00edneas rectas. Esta combinaci\u00f3n de formas genera un contraste armonioso que realza cualquier ambiente de ba\u00f1o contempor\u00e1neo.<\/p>\n<p>Fabricada en Solid Surface de \u00faltima generaci\u00f3n, la encimera Pisa ofrece una superficie continua, sin juntas y completamente lisa, ideal para un uso diario higi\u00e9nico y confortable. Su cubeta circular no solo optimiza el espacio, sino que a\u00f1ade un toque visual atractivo y diferente que la convierte en una pieza destacada.<\/p>\n<p style=\"font-size: 32px;\">Tama\u00f1o<\/p>\n<p>SENO CENTRADO Y DESPLAZADO<\/p>\n<style>\n    table {\n        width: 100%;\n        border-collapse: collapse;\n        table-layout: fixed;\n    }<\/p>\n<p>    td {\n        text-align: center;\n        border: 1px solid #ccc;\n        padding: 10px;\n        font-size: 18px;\n        color: #000;\n        word-wrap: break-word;\n    }<\/p>\n<p>    .scrollable-table {\n        overflow-x: auto;\n    }<\/p>\n<p>    @media only screen and (max-width: 1201px) {\n        td {\n            font-size: 12px !important;\n        }<\/p>\n<p>        td:first-child {\n            min-width: 125px !important;\n            max-width: 500px !important;\n        }\n    }\n<\/style>\n<div class=\"scrollable-table\">\n<table>\n<tbody>\n<tr>\n<td>MEDIDAS<\/td>\n<td>60<\/td>\n<td>70<\/td>\n<td>80<\/td>\n<td>90<\/td>\n<td>100<\/td>\n<td>110<\/td>\n<td>120<\/td>\n<td>130<\/td>\n<td>140<\/td>\n<td>150<\/td>\n<td>160<\/td>\n<td>170<\/td>\n<td>180<\/td>\n<td>190<\/td>\n<td>200<\/td>\n<\/tr>\n<tr>\n<td>SIN FALD\u00d3N<\/td>\n<td>\u2022<\/td>\n<td>\u2022<\/td>\n<td>\u2022<\/td>\n<td>\u2022<\/td>\n<td>\u2022<\/td>\n<td>\u2022<\/td>\n<td>\u2022<\/td>\n<td>\u2022<\/td>\n<td>\u2022<\/td>\n<td>\u2022<\/td>\n<td>\u2022<\/td>\n<td>\u2022<\/td>\n<td>\u2022<\/td>\n<td>\u2022<\/td>\n<td>\u2022<\/td>\n<\/tr>\n<tr>\n<td>CON FALD\u00d3N<\/td>\n<td>\u2022<\/td>\n<td>\u2022<\/td>\n<td>\u2022<\/td>\n<td>\u2022<\/td>\n<td>\u2022<\/td>\n<td>\u2022<\/td>\n<td>\u2022<\/td>\n<td>\u2022<\/td>\n<td>\u2022<\/td>\n<td>\u2022<\/td>\n<td>\u2022<\/td>\n<td>\u2022<\/td>\n<td>\u2022<\/td>\n<td>\u2022<\/td>\n<td>\u2022<\/td>\n<\/tr>\n<\/tbody>\n<\/table>\n<\/div>\n<p><\/p>\n<p>DOBLE SENO<\/p>\n<style>\n    table {\n        width: 100%;\n        border-collapse: collapse;\n        table-layout: auto;\n    }<\/p>\n<p>    td {\n        text-align: center;\n        border: 1px solid #ccc;\n        padding: 10px;\n        font-size: 18px;\n        color: #000;\n    }<\/p>\n<p>    .scrollable-table {\n        overflow-x: auto;\n    }<\/p>\n<p>    @media only screen and (max-width: 1201px) {\n        td {\n            font-size: 12px !important;\n        }\n    }\n<\/style>\n<div class=\"scrollable-table\">\n<table>\n<tbody>\n<tr>\n<td>MEDIDAS<\/td>\n<td>120<\/td>\n<td>130<\/td>\n<td>140<\/td>\n<td>150<\/td>\n<td>160<\/td>\n<td>170<\/td>\n<td>180<\/td>\n<td>190<\/td>\n<td>200<\/td>\n<\/tr>\n<tr>\n<td>SIN FALD\u00d3N<\/td>\n<td>\u2022<\/td>\n<td>\u2022<\/td>\n<td>\u2022<\/td>\n<td>\u2022<\/td>\n<td>\u2022<\/td>\n<td>\u2022<\/td>\n<td>\u2022<\/td>\n<td>\u2022<\/td>\n<td>\u2022<\/td>\n<\/tr>\n<tr>\n<td>CON FALD\u00d3N<\/td>\n<td>\u2022<\/td>\n<td>\u2022<\/td>\n<td>\u2022<\/td>\n<td>\u2022<\/td>\n<td>\u2022<\/td>\n<td>\u2022<\/td>\n<td>\u2022<\/td>\n<td>\u2022<\/td>\n<td>\u2022<\/td>\n<\/tr>\n<\/tbody>\n<\/table>\n<\/div>\n<p><\/p>\n<p style=\"font-size: 32px;\">Cuidados<\/p>\n<p>La encimera Solid Surface Pisa requiere un mantenimiento muy sencillo. Basta con limpiarla regularmente con un pa\u00f1o h\u00famedo y jab\u00f3n neutro. En caso de manchas m\u00e1s persistentes, puede utilizarse una esponja no abrasiva. Al tratarse de un material no poroso, resiste la humedad, evita la acumulaci\u00f3n de bacterias y mantiene su aspecto original con el paso del tiempo. Evita el uso de productos qu\u00edmicos agresivos o estropajos met\u00e1licos que puedan da\u00f1ar la superficie.<\/p>\n<p style=\"font-size: 32px;\">Usos<\/p>\n<p>Ideal para ba\u00f1os modernos y de dise\u00f1o, la encimera Pisa es perfecta para quienes buscan una soluci\u00f3n original y funcional. Se adapta a muebles suspendidos o integrados, y es especialmente adecuada para espacios donde se quiere destacar un elemento con personalidad sin renunciar a la practicidad.<\/p>\n","protected":false},"excerpt":{"rendered":"<p>Encimera Solid Surface Pisa con cubeta redonda integrada, dise\u00f1o original y elegante ideal para ba\u00f1os contempor\u00e1neos con personalidad.<\/p>\n","protected":false},"featured_media":2192,"comment_status":"open","ping_status":"closed","template":"","meta":[],"product_brand":[],"product_cat":[41],"product_tag":[],"class_list":{"0":"post-2143","1":"product","2":"type-product","3":"status-publish","4":"has-post-thumbnail","6":"product_cat-encimeras","8":"first","9":"instock","10":"shipping-taxable","11":"purchasable","12":"product-type-variable","13":"has-default-attributes"},"aioseo_notices":[],"_links":{"self":[{"href":"https:\/\/ambienteba\u00f1o.com\/index.php?rest_route=\/wp\/v2\/product\/2143","targetHints":{"allow":["GET"]}}],"collection":[{"href":"https:\/\/ambienteba\u00f1o.com\/index.php?rest_route=\/wp\/v2\/product"}],"about":[{"href":"https:\/\/ambienteba\u00f1o.com\/index.php?rest_route=\/wp\/v2\/types\/product"}],"replies":[{"embeddable":true,"href":"https:\/\/ambienteba\u00f1o.com\/index.php?rest_route=%2Fwp%2Fv2%2Fcomments&post=2143"}],"wp:featuredmedia":[{"embeddable":true,"href":"https:\/\/ambienteba\u00f1o.com\/index.php?rest_route=\/wp\/v2\/media\/2192"}],"wp:attachment":[{"href":"https:\/\/ambienteba\u00f1o.com\/index.php?rest_route=%2Fwp%2Fv2%2Fmedia&parent=2143"}],"wp:term":[{"taxonomy":"product_brand","embeddable":true,"href":"https:\/\/ambienteba\u00f1o.com\/index.php?rest_route=%2Fwp%2Fv2%2Fproduct_brand&post=2143"},{"taxonomy":"product_cat","embeddable":true,"href":"https:\/\/ambienteba\u00f1o.com\/index.php?rest_route=%2Fwp%2Fv2%2Fproduct_cat&post=2143"},{"taxonomy":"product_tag","embeddable":true,"href":"https:\/\/ambienteba\u00f1o.com\/index.php?rest_route=%2Fwp%2Fv2%2Fproduct_tag&post=2143"}],"curies":[{"name":"wp","href":"https:\/\/api.w.org\/{rel}","templated":true}]}}