{"id":2243,"date":"2025-04-16T18:12:01","date_gmt":"2025-04-16T18:12:01","guid":{"rendered":"https:\/\/ambienteba\u00f1o.com\/?post_type=product&#038;p=2243"},"modified":"2025-04-16T18:13:07","modified_gmt":"2025-04-16T18:13:07","slug":"triana","status":"publish","type":"product","link":"https:\/\/ambienteba\u00f1o.com\/?product=triana","title":{"rendered":"Triana"},"content":{"rendered":"<p>La encimera Solid Surface Triana ofrece una soluci\u00f3n funcional y est\u00e9tica para el ba\u00f1o gracias a su dise\u00f1o sobrio y bien proporcionado. Su cubeta integrada, de formas redondeadas y suaves, proporciona una experiencia de uso c\u00f3moda y fluida, adapt\u00e1ndose perfectamente a muebles modernos de ba\u00f1o.<\/p>\n<p>Fabricada en Solid Surface de alta calidad, la encimera Triana garantiza una superficie continua, sin juntas visibles, resistente a manchas, humedad y agentes qu\u00edmicos. Su textura sedosa, combinada con un acabado mate, aporta una sensaci\u00f3n de limpieza, durabilidad y sofisticaci\u00f3n atemporal en cualquier entorno.<\/p>\n<p style=\"font-size: 32px;\">Tama\u00f1o<\/p>\n<p>SENO CENTRADO Y DESPLAZADO<\/p>\n<style>\n    table {\n        width: 100%;\n        border-collapse: collapse;\n        table-layout: fixed;\n    }<\/p>\n<p>    td {\n        text-align: center;\n        border: 1px solid #ccc;\n        padding: 10px;\n        font-size: 18px;\n        color: #000;\n        word-wrap: break-word;\n    }<\/p>\n<p>    .scrollable-table {\n        overflow-x: auto;\n    }<\/p>\n<p>    @media only screen and (max-width: 1201px) {\n        td {\n            font-size: 12px !important;\n        }<\/p>\n<p>        td:first-child {\n            min-width: 125px !important;\n            max-width: 500px !important;\n        }\n    }\n<\/style>\n<div class=\"scrollable-table\">\n<table>\n<tbody>\n<tr>\n<td>MEDIDAS<\/td>\n<td>60<\/td>\n<td>70<\/td>\n<td>80<\/td>\n<td>90<\/td>\n<td>100<\/td>\n<td>110<\/td>\n<td>120<\/td>\n<td>130<\/td>\n<td>140<\/td>\n<td>150<\/td>\n<td>160<\/td>\n<td>170<\/td>\n<td>180<\/td>\n<td>190<\/td>\n<td>200<\/td>\n<\/tr>\n<tr>\n<td>SIN FALD\u00d3N<\/td>\n<td>\u2022<\/td>\n<td>\u2022<\/td>\n<td>\u2022<\/td>\n<td>\u2022<\/td>\n<td>\u2022<\/td>\n<td>\u2022<\/td>\n<td>\u2022<\/td>\n<td>\u2022<\/td>\n<td>\u2022<\/td>\n<td>\u2022<\/td>\n<td>\u2022<\/td>\n<td>\u2022<\/td>\n<td>\u2022<\/td>\n<td>\u2022<\/td>\n<td>\u2022<\/td>\n<\/tr>\n<tr>\n<td>CON FALD\u00d3N<\/td>\n<td>\u2022<\/td>\n<td>\u2022<\/td>\n<td>\u2022<\/td>\n<td>\u2022<\/td>\n<td>\u2022<\/td>\n<td>\u2022<\/td>\n<td>\u2022<\/td>\n<td>\u2022<\/td>\n<td>\u2022<\/td>\n<td>\u2022<\/td>\n<td>\u2022<\/td>\n<td>\u2022<\/td>\n<td>\u2022<\/td>\n<td>\u2022<\/td>\n<td>\u2022<\/td>\n<\/tr>\n<\/tbody>\n<\/table>\n<\/div>\n<p><\/p>\n<p>DOBLE SENO<\/p>\n<style>\n    table {\n        width: 100%;\n        border-collapse: collapse;\n        table-layout: auto;\n    }<\/p>\n<p>    td {\n        text-align: center;\n        border: 1px solid #ccc;\n        padding: 10px;\n        font-size: 18px;\n        color: #000;\n    }<\/p>\n<p>    .scrollable-table {\n        overflow-x: auto;\n    }<\/p>\n<p>    @media only screen and (max-width: 1201px) {\n        td {\n            font-size: 12px !important;\n        }\n    }\n<\/style>\n<div class=\"scrollable-table\">\n<table>\n<tbody>\n<tr>\n<td>MEDIDAS<\/td>\n<td>120<\/td>\n<td>130<\/td>\n<td>140<\/td>\n<td>150<\/td>\n<td>160<\/td>\n<td>170<\/td>\n<td>180<\/td>\n<td>190<\/td>\n<td>200<\/td>\n<\/tr>\n<tr>\n<td>SIN FALD\u00d3N<\/td>\n<td>\u2022<\/td>\n<td>\u2022<\/td>\n<td>\u2022<\/td>\n<td>\u2022<\/td>\n<td>\u2022<\/td>\n<td>\u2022<\/td>\n<td>\u2022<\/td>\n<td>\u2022<\/td>\n<td>\u2022<\/td>\n<\/tr>\n<tr>\n<td>CON FALD\u00d3N<\/td>\n<td>\u2022<\/td>\n<td>\u2022<\/td>\n<td>\u2022<\/td>\n<td>\u2022<\/td>\n<td>\u2022<\/td>\n<td>\u2022<\/td>\n<td>\u2022<\/td>\n<td>\u2022<\/td>\n<td>\u2022<\/td>\n<\/tr>\n<\/tbody>\n<\/table>\n<\/div>\n<p><\/p>\n<p style=\"font-size: 32px;\">Cuidados<\/p>\n<p>La encimera Solid Surface Triana requiere un mantenimiento muy sencillo. Basta con limpiarla regularmente con un pa\u00f1o h\u00famedo y jab\u00f3n neutro. En caso de manchas m\u00e1s persistentes, puede utilizarse una esponja no abrasiva. Al tratarse de un material no poroso, resiste la humedad, evita la acumulaci\u00f3n de bacterias y mantiene su aspecto original con el paso del tiempo. Evita el uso de productos qu\u00edmicos agresivos o estropajos met\u00e1licos que puedan da\u00f1ar la superficie.<\/p>\n<p style=\"font-size: 32px;\">Usos<\/p>\n<p>Perfecta para ba\u00f1os residenciales, aseos de cortes\u00eda o proyectos contract, la encimera Triana se adapta f\u00e1cilmente a mobiliario suspendido o apoyado. Su dise\u00f1o ergon\u00f3mico y su cubeta bien proporcionada ofrecen una soluci\u00f3n c\u00f3moda, pr\u00e1ctica y con personalidad para el d\u00eda a d\u00eda.<\/p>\n","protected":false},"excerpt":{"rendered":"<p>Encimera Solid Surface Triana con cubeta suave y redondeada, perfecta para ba\u00f1os modernos que buscan comodidad y dise\u00f1o funcional.<\/p>\n","protected":false},"featured_media":2292,"comment_status":"open","ping_status":"closed","template":"","meta":[],"product_brand":[],"product_cat":[41],"product_tag":[],"class_list":{"0":"post-2243","1":"product","2":"type-product","3":"status-publish","4":"has-post-thumbnail","6":"product_cat-encimeras","8":"first","9":"instock","10":"shipping-taxable","11":"purchasable","12":"product-type-variable","13":"has-default-attributes"},"aioseo_notices":[],"_links":{"self":[{"href":"https:\/\/ambienteba\u00f1o.com\/index.php?rest_route=\/wp\/v2\/product\/2243","targetHints":{"allow":["GET"]}}],"collection":[{"href":"https:\/\/ambienteba\u00f1o.com\/index.php?rest_route=\/wp\/v2\/product"}],"about":[{"href":"https:\/\/ambienteba\u00f1o.com\/index.php?rest_route=\/wp\/v2\/types\/product"}],"replies":[{"embeddable":true,"href":"https:\/\/ambienteba\u00f1o.com\/index.php?rest_route=%2Fwp%2Fv2%2Fcomments&post=2243"}],"wp:featuredmedia":[{"embeddable":true,"href":"https:\/\/ambienteba\u00f1o.com\/index.php?rest_route=\/wp\/v2\/media\/2292"}],"wp:attachment":[{"href":"https:\/\/ambienteba\u00f1o.com\/index.php?rest_route=%2Fwp%2Fv2%2Fmedia&parent=2243"}],"wp:term":[{"taxonomy":"product_brand","embeddable":true,"href":"https:\/\/ambienteba\u00f1o.com\/index.php?rest_route=%2Fwp%2Fv2%2Fproduct_brand&post=2243"},{"taxonomy":"product_cat","embeddable":true,"href":"https:\/\/ambienteba\u00f1o.com\/index.php?rest_route=%2Fwp%2Fv2%2Fproduct_cat&post=2243"},{"taxonomy":"product_tag","embeddable":true,"href":"https:\/\/ambienteba\u00f1o.com\/index.php?rest_route=%2Fwp%2Fv2%2Fproduct_tag&post=2243"}],"curies":[{"name":"wp","href":"https:\/\/api.w.org\/{rel}","templated":true}]}}