{"id":2575,"date":"2025-04-17T12:33:52","date_gmt":"2025-04-17T12:33:52","guid":{"rendered":"https:\/\/ambienteba\u00f1o.com\/?post_type=product&#038;p=2575"},"modified":"2025-04-17T13:27:23","modified_gmt":"2025-04-17T13:27:23","slug":"ras","status":"publish","type":"product","link":"https:\/\/ambienteba\u00f1o.com\/?product=ras","title":{"rendered":"Ras"},"content":{"rendered":"<p>El plato de ducha Ras ofrece una soluci\u00f3n elegante y funcional para ba\u00f1os contempor\u00e1neos. Su dise\u00f1o limpio, con superficie lisa y desag\u00fce cuadrado centrado con rejilla met\u00e1lica, proporciona una est\u00e9tica sobria y moderna que se integra a la perfecci\u00f3n en todo tipo de espacios.<\/p>\n<p>Fabricado en resina con carga mineral y recubierto con solid surface sanitario, este plato garantiza una alta resistencia al desgaste, excelente comportamiento antideslizante y una superficie antibacteriana. Su grosor reducido permite una instalaci\u00f3n a ras de suelo, mejorando la accesibilidad y creando una sensaci\u00f3n de continuidad en el ba\u00f1o.<\/p>\n<p style=\"font-size: 32px;\">Tama\u00f1o<\/p>\n<style>\n    table {\n        width: 100%;\n        border-collapse: collapse;\n        table-layout: auto;\n    }<\/p>\n<p>    td {\n        text-align: center;\n        border: 1px solid #ccc;\n        padding: 10px;\n        font-size: 18px;\n        color: #000;\n        white-space: nowrap;\n    }<\/p>\n<p>    .rotate-text {\n        font-size: 13px;\n        line-height: 1.1;\n    }<\/p>\n<p>    .scrollable-table {\n        overflow-x: auto;\n    }<\/p>\n<p>    @media only screen and (max-width: 1201px) {\n        td {\n            font-size: 12px !important;\n        }<\/p>\n<p>        .rotate-text {\n            font-size: 10px !important;\n        }<\/p>\n<p>        td:first-child {\n            min-width: 100px !important;\n        }\n    }\n<\/style>\n<div class=\"scrollable-table\">\n<table>\n<tr>\n<td class=\"rotate-text\"><span>LARGO \u2192<\/span><span>ANCHO \u2193<\/span><\/td>\n<td>80<\/td>\n<td>90<\/td>\n<td>100<\/td>\n<td>110<\/td>\n<td>120<\/td>\n<td>130<\/td>\n<td>140<\/td>\n<td>150<\/td>\n<td>160<\/td>\n<td>170<\/td>\n<td>180<\/td>\n<td>190<\/td>\n<td>200<\/td>\n<td>210<\/td>\n<td>220<\/td>\n<\/tr>\n<tr>\n<td>70<\/td>\n<td>\u2022<\/td>\n<td>\u2022<\/td>\n<td>\u2022<\/td>\n<td>\u2022<\/td>\n<td>\u2022<\/td>\n<td>\u2022<\/td>\n<td>\u2022<\/td>\n<td>\u2022<\/td>\n<td>\u2022<\/td>\n<td>\u2022<\/td>\n<td>\u2022<\/td>\n<td>\u2022<\/td>\n<td>\u2022<\/td>\n<td>\u2022<\/td>\n<td>\u2022<\/td>\n<\/tr>\n<tr>\n<td>80<\/td>\n<td>\u2022<\/td>\n<td>\u2022<\/td>\n<td>\u2022<\/td>\n<td>\u2022<\/td>\n<td>\u2022<\/td>\n<td>\u2022<\/td>\n<td>\u2022<\/td>\n<td>\u2022<\/td>\n<td>\u2022<\/td>\n<td>\u2022<\/td>\n<td>\u2022<\/td>\n<td>\u2022<\/td>\n<td>\u2022<\/td>\n<td>\u2022<\/td>\n<td>\u2022<\/td>\n<\/tr>\n<tr>\n<td>90<\/td>\n<td>&#8211;<\/td>\n<td>\u2022<\/td>\n<td>\u2022<\/td>\n<td>\u2022<\/td>\n<td>\u2022<\/td>\n<td>\u2022<\/td>\n<td>\u2022<\/td>\n<td>\u2022<\/td>\n<td>\u2022<\/td>\n<td>\u2022<\/td>\n<td>\u2022<\/td>\n<td>\u2022<\/td>\n<td>\u2022<\/td>\n<td>\u2022<\/td>\n<td>\u2022<\/td>\n<\/tr>\n<tr>\n<td>100<\/td>\n<td>&#8211;<\/td>\n<td>&#8211;<\/td>\n<td>\u2022<\/td>\n<td>\u2022<\/td>\n<td>\u2022<\/td>\n<td>\u2022<\/td>\n<td>\u2022<\/td>\n<td>\u2022<\/td>\n<td>\u2022<\/td>\n<td>\u2022<\/td>\n<td>\u2022<\/td>\n<td>\u2022<\/td>\n<td>\u2022<\/td>\n<td>\u2022<\/td>\n<td>\u2022<\/td>\n<\/tr>\n<\/table>\n<\/div>\n<p><\/p>\n<p style=\"font-size: 32px;\">Cuidados<\/p>\n<p>El plato de ducha Ras se limpia f\u00e1cilmente con un pa\u00f1o h\u00famedo y productos de limpieza suaves. Gracias a su tratamiento antibacteriano, no retiene la suciedad ni genera moho. Se recomienda evitar productos abrasivos o estropajos met\u00e1licos para preservar el acabado superficial.<\/p>\n<p style=\"font-size: 32px;\">Usos<\/p>\n<p>Perfecto para reformas modernas o proyectos de obra nueva, el modelo Ras es ideal para quienes buscan accesibilidad sin renunciar al dise\u00f1o. Su instalaci\u00f3n a ras del suelo lo hace especialmente adecuado para ba\u00f1os adaptados o espacios de est\u00e9tica minimalista y funcional.<\/p>\n","protected":false},"excerpt":{"rendered":"<p>Plato de ducha Ras con dise\u00f1o sobrio, superficie lisa y rejilla cuadrada. Fabricado en resina con carga mineral y solid surface antibacteriano, es ideal para instalar a ras de suelo.<\/p>\n","protected":false},"featured_media":2759,"comment_status":"open","ping_status":"closed","template":"","meta":[],"product_brand":[],"product_cat":[43],"product_tag":[],"class_list":{"0":"post-2575","1":"product","2":"type-product","3":"status-publish","4":"has-post-thumbnail","6":"product_cat-platos-de-ducha-solid-surface","8":"first","9":"instock","10":"shipping-taxable","11":"purchasable","12":"product-type-variable","13":"has-default-attributes"},"aioseo_notices":[],"_links":{"self":[{"href":"https:\/\/ambienteba\u00f1o.com\/index.php?rest_route=\/wp\/v2\/product\/2575","targetHints":{"allow":["GET"]}}],"collection":[{"href":"https:\/\/ambienteba\u00f1o.com\/index.php?rest_route=\/wp\/v2\/product"}],"about":[{"href":"https:\/\/ambienteba\u00f1o.com\/index.php?rest_route=\/wp\/v2\/types\/product"}],"replies":[{"embeddable":true,"href":"https:\/\/ambienteba\u00f1o.com\/index.php?rest_route=%2Fwp%2Fv2%2Fcomments&post=2575"}],"wp:featuredmedia":[{"embeddable":true,"href":"https:\/\/ambienteba\u00f1o.com\/index.php?rest_route=\/wp\/v2\/media\/2759"}],"wp:attachment":[{"href":"https:\/\/ambienteba\u00f1o.com\/index.php?rest_route=%2Fwp%2Fv2%2Fmedia&parent=2575"}],"wp:term":[{"taxonomy":"product_brand","embeddable":true,"href":"https:\/\/ambienteba\u00f1o.com\/index.php?rest_route=%2Fwp%2Fv2%2Fproduct_brand&post=2575"},{"taxonomy":"product_cat","embeddable":true,"href":"https:\/\/ambienteba\u00f1o.com\/index.php?rest_route=%2Fwp%2Fv2%2Fproduct_cat&post=2575"},{"taxonomy":"product_tag","embeddable":true,"href":"https:\/\/ambienteba\u00f1o.com\/index.php?rest_route=%2Fwp%2Fv2%2Fproduct_tag&post=2575"}],"curies":[{"name":"wp","href":"https:\/\/api.w.org\/{rel}","templated":true}]}}