{"id":2762,"date":"2025-04-17T13:34:03","date_gmt":"2025-04-17T13:34:03","guid":{"rendered":"https:\/\/ambienteba\u00f1o.com\/?post_type=product&#038;p=2762"},"modified":"2025-04-17T13:45:53","modified_gmt":"2025-04-17T13:45:53","slug":"rimini","status":"publish","type":"product","link":"https:\/\/ambienteba\u00f1o.com\/?product=rimini","title":{"rendered":"Rimini"},"content":{"rendered":"<p>El plato de ducha Rimini destaca por su est\u00e9tica sofisticada y su funcionalidad optimizada para ba\u00f1os modernos. Su dise\u00f1o con textura antideslizante y rejilla met\u00e1lica horizontal superior aporta personalidad y estilo, manteniendo al mismo tiempo un alto rendimiento en evacuaci\u00f3n de agua.<\/p>\n<p>Est\u00e1 fabricado en resina con carga mineral y recubierto con solid surface sanitario, lo que le otorga una gran resistencia al uso diario, propiedades antibacterianas y una superficie c\u00e1lida al tacto. Gracias a su espesor reducido, permite una instalaci\u00f3n a ras de suelo, ideal para proyectos accesibles y contempor\u00e1neos.<\/p>\n<p style=\"font-size: 32px;\">Tama\u00f1o<\/p>\n<style>\n    table {\n        width: 100%;\n        border-collapse: collapse;\n        table-layout: auto;\n    }<\/p>\n<p>    td {\n        text-align: center;\n        border: 1px solid #ccc;\n        padding: 10px;\n        font-size: 18px;\n        color: #000;\n        white-space: nowrap;\n    }<\/p>\n<p>    .rotate-text span {\n        display: block;\n        line-height: 1;\n        font-size: 12px;\n    }<\/p>\n<p>    .scrollable-table {\n        overflow-x: auto;\n    }<\/p>\n<p>    @media only screen and (max-width: 1201px) {\n        td {\n            font-size: 12px !important;\n        }<\/p>\n<p>        td:first-child {\n            min-width: 100px !important;\n        }\n    }\n<\/style>\n<div class=\"scrollable-table\">\n<table>\n<tr>\n<td class=\"rotate-text\"><span>LARGO \u2192<\/span><span>ANCHO \u2193<\/span><\/td>\n<td>120<\/td>\n<td>130<\/td>\n<td>140<\/td>\n<td>150<\/td>\n<td>160<\/td>\n<td>170<\/td>\n<td>180<\/td>\n<td>190<\/td>\n<td>200<\/td>\n<\/tr>\n<tr>\n<td>70<\/td>\n<td>\u2022<\/td>\n<td>\u2022<\/td>\n<td>\u2022<\/td>\n<td>\u2022<\/td>\n<td>\u2022<\/td>\n<td>\u2022<\/td>\n<td>\u2022<\/td>\n<td>\u2022<\/td>\n<td>\u2022<\/td>\n<\/tr>\n<tr>\n<td>80<\/td>\n<td>\u2022<\/td>\n<td>\u2022<\/td>\n<td>\u2022<\/td>\n<td>\u2022<\/td>\n<td>\u2022<\/td>\n<td>\u2022<\/td>\n<td>\u2022<\/td>\n<td>\u2022<\/td>\n<td>\u2022<\/td>\n<\/tr>\n<tr>\n<td>90<\/td>\n<td>\u2022<\/td>\n<td>\u2022<\/td>\n<td>\u2022<\/td>\n<td>\u2022<\/td>\n<td>\u2022<\/td>\n<td>\u2022<\/td>\n<td>\u2022<\/td>\n<td>\u2022<\/td>\n<td>\u2022<\/td>\n<\/tr>\n<\/table>\n<\/div>\n<p><\/p>\n<p style=\"font-size: 32px;\">Cuidados<\/p>\n<p>El mantenimiento del plato de ducha Rimini es muy sencillo. Se recomienda limpiar la superficie con un pa\u00f1o h\u00famedo y detergentes neutros. Gracias a su superficie no porosa, evita la proliferaci\u00f3n de bacterias y moho. Es importante no utilizar productos abrasivos ni estropajos met\u00e1licos que puedan da\u00f1ar el acabado.<\/p>\n<p style=\"font-size: 32px;\">Usos<\/p>\n<p>Ideal para reformas integrales o proyectos de nueva construcci\u00f3n, el modelo Rimini se adapta perfectamente a ba\u00f1os modernos que buscan un equilibrio entre dise\u00f1o y funcionalidad. Su instalaci\u00f3n a ras de suelo lo convierte en una opci\u00f3n pr\u00e1ctica y segura para todos los usuarios.<\/p>\n","protected":false},"excerpt":{"rendered":"<p>Plato de ducha Rimini de resina con textura antideslizante, rejilla met\u00e1lica superior y superficie solid surface. Dise\u00f1o moderno, seguro y funcional para una instalaci\u00f3n a ras de suelo.<\/p>\n","protected":false},"featured_media":2820,"comment_status":"open","ping_status":"closed","template":"","meta":[],"product_brand":[],"product_cat":[43],"product_tag":[],"class_list":{"0":"post-2762","1":"product","2":"type-product","3":"status-publish","4":"has-post-thumbnail","6":"product_cat-platos-de-ducha-solid-surface","8":"first","9":"instock","10":"shipping-taxable","11":"purchasable","12":"product-type-variable","13":"has-default-attributes"},"aioseo_notices":[],"_links":{"self":[{"href":"https:\/\/ambienteba\u00f1o.com\/index.php?rest_route=\/wp\/v2\/product\/2762","targetHints":{"allow":["GET"]}}],"collection":[{"href":"https:\/\/ambienteba\u00f1o.com\/index.php?rest_route=\/wp\/v2\/product"}],"about":[{"href":"https:\/\/ambienteba\u00f1o.com\/index.php?rest_route=\/wp\/v2\/types\/product"}],"replies":[{"embeddable":true,"href":"https:\/\/ambienteba\u00f1o.com\/index.php?rest_route=%2Fwp%2Fv2%2Fcomments&post=2762"}],"wp:featuredmedia":[{"embeddable":true,"href":"https:\/\/ambienteba\u00f1o.com\/index.php?rest_route=\/wp\/v2\/media\/2820"}],"wp:attachment":[{"href":"https:\/\/ambienteba\u00f1o.com\/index.php?rest_route=%2Fwp%2Fv2%2Fmedia&parent=2762"}],"wp:term":[{"taxonomy":"product_brand","embeddable":true,"href":"https:\/\/ambienteba\u00f1o.com\/index.php?rest_route=%2Fwp%2Fv2%2Fproduct_brand&post=2762"},{"taxonomy":"product_cat","embeddable":true,"href":"https:\/\/ambienteba\u00f1o.com\/index.php?rest_route=%2Fwp%2Fv2%2Fproduct_cat&post=2762"},{"taxonomy":"product_tag","embeddable":true,"href":"https:\/\/ambienteba\u00f1o.com\/index.php?rest_route=%2Fwp%2Fv2%2Fproduct_tag&post=2762"}],"curies":[{"name":"wp","href":"https:\/\/api.w.org\/{rel}","templated":true}]}}