{"id":2854,"date":"2025-04-17T13:49:51","date_gmt":"2025-04-17T13:49:51","guid":{"rendered":"https:\/\/ambienteba\u00f1o.com\/?post_type=product&#038;p=2854"},"modified":"2025-04-17T14:04:16","modified_gmt":"2025-04-17T14:04:16","slug":"rondo","status":"publish","type":"product","link":"https:\/\/ambienteba\u00f1o.com\/?product=rondo","title":{"rendered":"Rondo"},"content":{"rendered":"<p>El plato de ducha Rondo es una opci\u00f3n original y pr\u00e1ctica que se adapta a espacios de ba\u00f1o con distribuciones especiales. Su dise\u00f1o con un lateral curvo suaviza el conjunto y permite una instalaci\u00f3n eficiente en esquinas, optimizando el espacio sin renunciar a la est\u00e9tica.<\/p>\n<p>Fabricado en resina con carga mineral y recubierto con solid surface sanitario, este modelo ofrece una alta resistencia, propiedades antibacterianas y una superficie c\u00e1lida y antideslizante. Su desag\u00fce cuadrado met\u00e1lico en la esquina potencia el car\u00e1cter funcional del plato y garantiza una evacuaci\u00f3n eficaz del agua.<\/p>\n<p style=\"font-size: 32px;\">Tama\u00f1o<\/p>\n<style>\n    table {\n        width: 100%;\n        border-collapse: collapse;\n        table-layout: auto;\n    }<\/p>\n<p>    td {\n        text-align: center;\n        border: 1px solid #ccc;\n        padding: 10px;\n        font-size: 18px;\n        color: #000;\n        white-space: nowrap;\n    }<\/p>\n<p>    .rotate-text span {\n        display: block;\n        line-height: 1;\n        font-size: 12px;\n    }<\/p>\n<p>    .scrollable-table {\n        overflow-x: auto;\n    }<\/p>\n<p>    @media only screen and (max-width: 1201px) {\n        td {\n            font-size: 12px !important;\n        }<\/p>\n<p>        td:first-child {\n            min-width: 100px !important;\n        }\n    }\n<\/style>\n<div class=\"scrollable-table\">\n<table>\n<tr>\n<td>80&#215;80<\/td>\n<td>90&#215;90<\/td>\n<td>100&#215;100<\/td>\n<\/tr>\n<tr>\n<td>\u2022<\/td>\n<td>\u2022<\/td>\n<td>\u2022<\/td>\n<\/tr>\n<\/table>\n<\/div>\n<p><\/p>\n<p style=\"font-size: 32px;\">Cuidados<\/p>\n<p>El plato Rondo requiere un mantenimiento b\u00e1sico. Se recomienda limpiarlo con un pa\u00f1o h\u00famedo y detergente neutro para conservar su acabado como el primer d\u00eda. Gracias a su superficie s\u00f3lida, no porosa y antibacteriana, evita acumulaciones de suciedad y hongos. Evitar productos abrasivos o herramientas que puedan rayar la superficie.<\/p>\n<p style=\"font-size: 32px;\">Usos<\/p>\n<p>Perfecto para ba\u00f1os peque\u00f1os o con esquinas dif\u00edciles de aprovechar, el modelo Rondo es ideal en reformas que buscan soluciones compactas y est\u00e9ticas. Su dise\u00f1o curvo y su instalaci\u00f3n a ras de suelo lo convierten en una elecci\u00f3n funcional y segura para cualquier entorno dom\u00e9stico.<\/p>\n","protected":false},"excerpt":{"rendered":"<p>Plato de ducha Rondo en esquina con dise\u00f1o curvo, rejilla met\u00e1lica y acabado antideslizante ideal para ba\u00f1os compactos o con distribuci\u00f3n especial. Fabricado en resina con recubrimiento solid surface.<\/p>\n","protected":false},"featured_media":2882,"comment_status":"open","ping_status":"closed","template":"","meta":[],"product_brand":[],"product_cat":[43],"product_tag":[],"class_list":{"0":"post-2854","1":"product","2":"type-product","3":"status-publish","4":"has-post-thumbnail","6":"product_cat-platos-de-ducha-solid-surface","8":"first","9":"instock","10":"shipping-taxable","11":"purchasable","12":"product-type-variable","13":"has-default-attributes"},"aioseo_notices":[],"_links":{"self":[{"href":"https:\/\/ambienteba\u00f1o.com\/index.php?rest_route=\/wp\/v2\/product\/2854","targetHints":{"allow":["GET"]}}],"collection":[{"href":"https:\/\/ambienteba\u00f1o.com\/index.php?rest_route=\/wp\/v2\/product"}],"about":[{"href":"https:\/\/ambienteba\u00f1o.com\/index.php?rest_route=\/wp\/v2\/types\/product"}],"replies":[{"embeddable":true,"href":"https:\/\/ambienteba\u00f1o.com\/index.php?rest_route=%2Fwp%2Fv2%2Fcomments&post=2854"}],"wp:featuredmedia":[{"embeddable":true,"href":"https:\/\/ambienteba\u00f1o.com\/index.php?rest_route=\/wp\/v2\/media\/2882"}],"wp:attachment":[{"href":"https:\/\/ambienteba\u00f1o.com\/index.php?rest_route=%2Fwp%2Fv2%2Fmedia&parent=2854"}],"wp:term":[{"taxonomy":"product_brand","embeddable":true,"href":"https:\/\/ambienteba\u00f1o.com\/index.php?rest_route=%2Fwp%2Fv2%2Fproduct_brand&post=2854"},{"taxonomy":"product_cat","embeddable":true,"href":"https:\/\/ambienteba\u00f1o.com\/index.php?rest_route=%2Fwp%2Fv2%2Fproduct_cat&post=2854"},{"taxonomy":"product_tag","embeddable":true,"href":"https:\/\/ambienteba\u00f1o.com\/index.php?rest_route=%2Fwp%2Fv2%2Fproduct_tag&post=2854"}],"curies":[{"name":"wp","href":"https:\/\/api.w.org\/{rel}","templated":true}]}}