{"id":2886,"date":"2025-04-17T14:15:47","date_gmt":"2025-04-17T14:15:47","guid":{"rendered":"https:\/\/ambienteba\u00f1o.com\/?post_type=product&#038;p=2886"},"modified":"2025-04-17T14:28:01","modified_gmt":"2025-04-17T14:28:01","slug":"isla","status":"publish","type":"product","link":"https:\/\/ambienteba\u00f1o.com\/?product=isla","title":{"rendered":"Isla"},"content":{"rendered":"<p>El plato de ducha Isla destaca por su elegancia atemporal y su textura de piedra natural que aporta car\u00e1cter y calidez al ba\u00f1o. Su superficie antideslizante con sutil relieve mejora la seguridad sin renunciar a un dise\u00f1o limpio y moderno. La rejilla cuadrada met\u00e1lica, centrada en el plato, completa su estilo equilibrado y funcional.<\/p>\n<p>Fabricado en resina con carga mineral y recubierto de solid surface sanitario, garantiza una alta resistencia al impacto, durabilidad frente a la humedad y una excelente higiene gracias a sus propiedades antibacterianas. La instalaci\u00f3n a ras de suelo facilita la accesibilidad y crea un efecto visual uniforme en el espacio.<\/p>\n<p style=\"font-size: 32px;\">Tama\u00f1o<\/p>\n<style>\n    table {\n        width: 100%;\n        border-collapse: collapse;\n        table-layout: auto;\n    }<\/p>\n<p>    td {\n        text-align: center;\n        border: 1px solid #ccc;\n        padding: 10px;\n        font-size: 18px;\n        color: #000;\n        white-space: nowrap;\n    }<\/p>\n<p>    .rotate-text span {\n        display: block;\n        line-height: 1;\n        font-size: 12px;\n    }<\/p>\n<p>    .scrollable-table {\n        overflow-x: auto;\n    }<\/p>\n<p>    @media only screen and (max-width: 1201px) {\n        td {\n            font-size: 12px !important;\n        }<\/p>\n<p>        td:first-child {\n            min-width: 100px !important;\n        }\n    }\n<\/style>\n<div class=\"scrollable-table\">\n<table>\n<tr>\n<td class=\"rotate-text\"><span>LARGO \u2192<\/span><span>ANCHO \u2193<\/span><\/td>\n<td>90<\/td>\n<td>100<\/td>\n<td>110<\/td>\n<td>120<\/td>\n<td>130<\/td>\n<td>140<\/td>\n<td>150<\/td>\n<td>160<\/td>\n<td>170<\/td>\n<td>180<\/td>\n<td>190<\/td>\n<td>200<\/td>\n<\/tr>\n<tr>\n<td>70<\/td>\n<td>\u2022<\/td>\n<td>\u2022<\/td>\n<td>\u2022<\/td>\n<td>\u2022<\/td>\n<td>\u2022<\/td>\n<td>\u2022<\/td>\n<td>\u2022<\/td>\n<td>\u2022<\/td>\n<td>\u2022<\/td>\n<td>\u2022<\/td>\n<td>\u2022<\/td>\n<td>\u2022<\/td>\n<\/tr>\n<tr>\n<td>80<\/td>\n<td>\u2022<\/td>\n<td>\u2022<\/td>\n<td>\u2022<\/td>\n<td>\u2022<\/td>\n<td>\u2022<\/td>\n<td>\u2022<\/td>\n<td>\u2022<\/td>\n<td>\u2022<\/td>\n<td>\u2022<\/td>\n<td>\u2022<\/td>\n<td>\u2022<\/td>\n<td>\u2022<\/td>\n<\/tr>\n<\/table>\n<\/div>\n<p><\/p>\n<p style=\"font-size: 32px;\">Cuidados<\/p>\n<p>Para mantener el acabado del plato Isla como el primer d\u00eda, basta con limpiarlo con un pa\u00f1o suave y detergentes neutros. La superficie solid surface evita la acumulaci\u00f3n de bacterias y moho, haciendo que el mantenimiento sea m\u00ednimo. No se recomienda el uso de productos abrasivos o estropajos duros.<\/p>\n<p style=\"font-size: 32px;\">Usos<\/p>\n<p>El modelo Isla es ideal para todo tipo de proyectos, desde ba\u00f1os de estilo natural hasta propuestas minimalistas. Gracias a su textura de piedra y su instalaci\u00f3n a ras de suelo, se adapta perfectamente a entornos modernos, accesibles y con un dise\u00f1o cuidadosamente pensado.<\/p>\n","protected":false},"excerpt":{"rendered":"<p>Plato de ducha Isla con textura de piedra natural, rejilla met\u00e1lica centrada y acabado antideslizante. Fabricado en resina con recubrimiento solid surface, ideal para ba\u00f1os de est\u00e9tica c\u00e1lida y moderna.<\/p>\n","protected":false},"featured_media":2944,"comment_status":"open","ping_status":"closed","template":"","meta":[],"product_brand":[],"product_cat":[43],"product_tag":[],"class_list":{"0":"post-2886","1":"product","2":"type-product","3":"status-publish","4":"has-post-thumbnail","6":"product_cat-platos-de-ducha-solid-surface","8":"first","9":"instock","10":"shipping-taxable","11":"purchasable","12":"product-type-variable","13":"has-default-attributes"},"aioseo_notices":[],"_links":{"self":[{"href":"https:\/\/ambienteba\u00f1o.com\/index.php?rest_route=\/wp\/v2\/product\/2886","targetHints":{"allow":["GET"]}}],"collection":[{"href":"https:\/\/ambienteba\u00f1o.com\/index.php?rest_route=\/wp\/v2\/product"}],"about":[{"href":"https:\/\/ambienteba\u00f1o.com\/index.php?rest_route=\/wp\/v2\/types\/product"}],"replies":[{"embeddable":true,"href":"https:\/\/ambienteba\u00f1o.com\/index.php?rest_route=%2Fwp%2Fv2%2Fcomments&post=2886"}],"wp:featuredmedia":[{"embeddable":true,"href":"https:\/\/ambienteba\u00f1o.com\/index.php?rest_route=\/wp\/v2\/media\/2944"}],"wp:attachment":[{"href":"https:\/\/ambienteba\u00f1o.com\/index.php?rest_route=%2Fwp%2Fv2%2Fmedia&parent=2886"}],"wp:term":[{"taxonomy":"product_brand","embeddable":true,"href":"https:\/\/ambienteba\u00f1o.com\/index.php?rest_route=%2Fwp%2Fv2%2Fproduct_brand&post=2886"},{"taxonomy":"product_cat","embeddable":true,"href":"https:\/\/ambienteba\u00f1o.com\/index.php?rest_route=%2Fwp%2Fv2%2Fproduct_cat&post=2886"},{"taxonomy":"product_tag","embeddable":true,"href":"https:\/\/ambienteba\u00f1o.com\/index.php?rest_route=%2Fwp%2Fv2%2Fproduct_tag&post=2886"}],"curies":[{"name":"wp","href":"https:\/\/api.w.org\/{rel}","templated":true}]}}