{"id":3017,"date":"2025-04-17T14:40:06","date_gmt":"2025-04-17T14:40:06","guid":{"rendered":"https:\/\/ambienteba\u00f1o.com\/?post_type=product&#038;p=3017"},"modified":"2025-04-17T14:51:31","modified_gmt":"2025-04-17T14:51:31","slug":"florencia","status":"publish","type":"product","link":"https:\/\/ambienteba\u00f1o.com\/?product=florencia","title":{"rendered":"Florencia"},"content":{"rendered":"<p>El plato de ducha Florencia destaca por su dise\u00f1o sobrio y elegante, ideal para quienes buscan una est\u00e9tica refinada sin renunciar a la funcionalidad. Su superficie de textura piedra aporta un toque natural y antideslizante, mientras que el desag\u00fce rectangular integrado con tapa del mismo material se mimetiza perfectamente con el conjunto.<\/p>\n<p>Fabricado en resina con cargas minerales y recubrimiento de solid surface sanitario, garantiza resistencia, higiene y durabilidad. Su grosor fino permite una instalaci\u00f3n a ras de suelo para una mayor accesibilidad, adem\u00e1s de una integraci\u00f3n visual fluida con el pavimento del ba\u00f1o.<\/p>\n<p style=\"font-size: 32px;\">Tama\u00f1o<\/p>\n<style>\n    table {\n        width: 100%;\n        border-collapse: collapse;\n        table-layout: auto;\n    }<\/p>\n<p>    td {\n        text-align: center;\n        border: 1px solid #ccc;\n        padding: 10px;\n        font-size: 18px;\n        color: #000;\n        white-space: nowrap;\n    }<\/p>\n<p>    .rotate-text span {\n        display: block;\n        line-height: 1;\n        font-size: 12px;\n    }<\/p>\n<p>    .scrollable-table {\n        overflow-x: auto;\n    }<\/p>\n<p>    @media only screen and (max-width: 1201px) {\n        td {\n            font-size: 12px !important;\n        }<\/p>\n<p>        td:first-child {\n            min-width: 100px !important;\n        }\n    }\n<\/style>\n<div class=\"scrollable-table\">\n<table>\n<tr>\n<td class=\"rotate-text\"><span>LARGO \u2192<\/span><span>ANCHO \u2193<\/span><\/td>\n<td>80<\/td>\n<td>90<\/td>\n<td>100<\/td>\n<td>110<\/td>\n<td>120<\/td>\n<td>130<\/td>\n<td>140<\/td>\n<td>150<\/td>\n<td>160<\/td>\n<td>170<\/td>\n<td>180<\/td>\n<\/tr>\n<tr>\n<td>70<\/td>\n<td>\u2022<\/td>\n<td>\u2022<\/td>\n<td>\u2022<\/td>\n<td>\u2022<\/td>\n<td>\u2022<\/td>\n<td>\u2022<\/td>\n<td>\u2022<\/td>\n<td>\u2022<\/td>\n<td>\u2022<\/td>\n<td>\u2022<\/td>\n<td>\u2022<\/td>\n<\/tr>\n<tr>\n<td>80<\/td>\n<td>\u2022<\/td>\n<td>\u2022<\/td>\n<td>\u2022<\/td>\n<td>\u2022<\/td>\n<td>\u2022<\/td>\n<td>\u2022<\/td>\n<td>\u2022<\/td>\n<td>\u2022<\/td>\n<td>\u2022<\/td>\n<td>\u2022<\/td>\n<td>\u2022<\/td>\n<\/tr>\n<\/table>\n<\/div>\n<p><\/p>\n<p style=\"font-size: 32px;\">Cuidados<\/p>\n<p>El mantenimiento del plato Florencia es sencillo gracias a su superficie no porosa y antibacteriana. Se recomienda limpiar con productos suaves y un pa\u00f1o h\u00famedo. Evitar productos abrasivos o herramientas que puedan rayar la superficie.<\/p>\n<p style=\"font-size: 32px;\">Usos<\/p>\n<p>Perfecto para ba\u00f1os contempor\u00e1neos, minimalistas o de estilo natural. El plato Florencia es una opci\u00f3n segura y visualmente arm\u00f3nica para espacios que valoran tanto la est\u00e9tica como la funcionalidad. Su instalaci\u00f3n a ras del suelo lo hace ideal para personas con movilidad reducida.<\/p>\n","protected":false},"excerpt":{"rendered":"<p>Plato de ducha Florencia con textura piedra y desag\u00fce rectangular oculto. Acabado antideslizante, antibacteriano y dise\u00f1o elegante ideal para ba\u00f1os modernos y funcionales.<\/p>\n","protected":false},"featured_media":3040,"comment_status":"open","ping_status":"closed","template":"","meta":[],"product_brand":[],"product_cat":[43],"product_tag":[],"class_list":{"0":"post-3017","1":"product","2":"type-product","3":"status-publish","4":"has-post-thumbnail","6":"product_cat-platos-de-ducha-solid-surface","8":"first","9":"instock","10":"shipping-taxable","11":"purchasable","12":"product-type-variable","13":"has-default-attributes"},"aioseo_notices":[],"_links":{"self":[{"href":"https:\/\/ambienteba\u00f1o.com\/index.php?rest_route=\/wp\/v2\/product\/3017","targetHints":{"allow":["GET"]}}],"collection":[{"href":"https:\/\/ambienteba\u00f1o.com\/index.php?rest_route=\/wp\/v2\/product"}],"about":[{"href":"https:\/\/ambienteba\u00f1o.com\/index.php?rest_route=\/wp\/v2\/types\/product"}],"replies":[{"embeddable":true,"href":"https:\/\/ambienteba\u00f1o.com\/index.php?rest_route=%2Fwp%2Fv2%2Fcomments&post=3017"}],"wp:featuredmedia":[{"embeddable":true,"href":"https:\/\/ambienteba\u00f1o.com\/index.php?rest_route=\/wp\/v2\/media\/3040"}],"wp:attachment":[{"href":"https:\/\/ambienteba\u00f1o.com\/index.php?rest_route=%2Fwp%2Fv2%2Fmedia&parent=3017"}],"wp:term":[{"taxonomy":"product_brand","embeddable":true,"href":"https:\/\/ambienteba\u00f1o.com\/index.php?rest_route=%2Fwp%2Fv2%2Fproduct_brand&post=3017"},{"taxonomy":"product_cat","embeddable":true,"href":"https:\/\/ambienteba\u00f1o.com\/index.php?rest_route=%2Fwp%2Fv2%2Fproduct_cat&post=3017"},{"taxonomy":"product_tag","embeddable":true,"href":"https:\/\/ambienteba\u00f1o.com\/index.php?rest_route=%2Fwp%2Fv2%2Fproduct_tag&post=3017"}],"curies":[{"name":"wp","href":"https:\/\/api.w.org\/{rel}","templated":true}]}}